{"id":926,"date":"2026-04-16T09:52:25","date_gmt":"2026-04-16T09:52:25","guid":{"rendered":"https:\/\/www.keltainenteatteri.fi\/?page_id=926"},"modified":"2026-04-16T09:56:00","modified_gmt":"2026-04-16T09:56:00","slug":"yhteistyo","status":"publish","type":"page","link":"http:\/\/www.keltainenteatteri.fi\/index.php\/yhteistyo\/","title":{"rendered":"Yhteisty\u00f6"},"content":{"rendered":"\n<p>Kiinnostaako yhteisty\u00f6 Keltaisen Teatterin kanssa? Tai haluaisitko tukea teatteria sponsorina?<\/p>\n\n\n\n<p>Laita viesti\u00e4 s\u00e4hk\u00f6postitse keltainenteatteri@gmail.com<\/p>\n","protected":false},"excerpt":{"rendered":"<p>Kiinnostaako yhteisty\u00f6 Keltaisen Teatterin kanssa? Tai haluaisitko tukea teatteria sponsorina? Laita viesti\u00e4 s\u00e4hk\u00f6postitse keltainenteatteri@gmail.com<\/p>\n","protected":false},"author":1,"featured_media":0,"parent":0,"menu_order":0,"comment_status":"closed","ping_status":"closed","template":"","meta":{"pgc_sgb_lightbox_settings":"","footnotes":""},"class_list":["post-926","page","type-page","status-publish","hentry"],"blocksy_meta":[],"_links":{"self":[{"href":"http:\/\/www.keltainenteatteri.fi\/index.php\/wp-json\/wp\/v2\/pages\/926","targetHints":{"allow":["GET"]}}],"collection":[{"href":"http:\/\/www.keltainenteatteri.fi\/index.php\/wp-json\/wp\/v2\/pages"}],"about":[{"href":"http:\/\/www.keltainenteatteri.fi\/index.php\/wp-json\/wp\/v2\/types\/page"}],"author":[{"embeddable":true,"href":"http:\/\/www.keltainenteatteri.fi\/index.php\/wp-json\/wp\/v2\/users\/1"}],"replies":[{"embeddable":true,"href":"http:\/\/www.keltainenteatteri.fi\/index.php\/wp-json\/wp\/v2\/comments?post=926"}],"version-history":[{"count":2,"href":"http:\/\/www.keltainenteatteri.fi\/index.php\/wp-json\/wp\/v2\/pages\/926\/revisions"}],"predecessor-version":[{"id":934,"href":"http:\/\/www.keltainenteatteri.fi\/index.php\/wp-json\/wp\/v2\/pages\/926\/revisions\/934"}],"wp:attachment":[{"href":"http:\/\/www.keltainenteatteri.fi\/index.php\/wp-json\/wp\/v2\/media?parent=926"}],"curies":[{"name":"wp","href":"https:\/\/api.w.org\/{rel}","templated":true}]}}