{"id":641,"date":"2022-08-15T08:24:40","date_gmt":"2022-08-15T08:24:40","guid":{"rendered":"https:\/\/startersites.io\/blocksy\/renovation\/?page_id=6"},"modified":"2025-10-02T09:39:04","modified_gmt":"2025-10-02T09:39:04","slug":"home","status":"publish","type":"page","link":"https:\/\/www.keltainenteatteri.fi\/","title":{"rendered":"Home"},"content":{"rendered":"\n<div class=\"wp-block-cover alignfull\" style=\"margin-top:0;padding-top:15vw;padding-right:5vw;padding-bottom:15vw;padding-left:5vw\"><img decoding=\"async\" class=\"wp-block-cover__image-background wp-image-654 size-full\" alt=\"\" src=\"https:\/\/www.keltainenteatteri.fi\/wp-content\/uploads\/2025\/10\/528790296_122116203392940445_2822595131402077393_n.jpg\" style=\"object-position:50% 20%\" data-object-fit=\"cover\" data-object-position=\"50% 20%\"\/><span aria-hidden=\"true\" class=\"wp-block-cover__background has-palette-color-9-background-color has-background-dim-80 has-background-dim\"><\/span><div class=\"wp-block-cover__inner-container is-layout-flow wp-block-cover-is-layout-flow\">\n<div class=\"wp-block-group is-layout-flex wp-container-core-group-is-layout-d0921e6e wp-block-group-is-layout-flex\">\n<div class=\"wp-block-group wp-container-content-9cfa9a5a is-layout-flow wp-container-core-group-is-layout-d6743c7d wp-block-group-is-layout-flow\">\n<figure class=\"wp-block-image alignright size-large is-resized\"><img data-dominant-color=\"ffffff\" data-has-transparency=\"true\" loading=\"lazy\" decoding=\"async\" width=\"1024\" height=\"168\" src=\"http:\/\/www.keltainenteatteri.fi\/wp-content\/uploads\/2025\/10\/TESTILOGO2x-1024x168.webp\" alt=\"\" class=\"wp-image-704 has-transparency\" style=\"--dominant-color: #ffffff; width:904px\" srcset=\"https:\/\/www.keltainenteatteri.fi\/wp-content\/uploads\/2025\/10\/TESTILOGO2x-1024x168.webp 1024w, https:\/\/www.keltainenteatteri.fi\/wp-content\/uploads\/2025\/10\/TESTILOGO2x-300x49.webp 300w, https:\/\/www.keltainenteatteri.fi\/wp-content\/uploads\/2025\/10\/TESTILOGO2x-768x126.webp 768w, https:\/\/www.keltainenteatteri.fi\/wp-content\/uploads\/2025\/10\/TESTILOGO2x-1536x252.webp 1536w, https:\/\/www.keltainenteatteri.fi\/wp-content\/uploads\/2025\/10\/TESTILOGO2x-2048x336.webp 2048w\" sizes=\"auto, (max-width: 1024px) 100vw, 1024px\" \/><\/figure>\n<\/div>\n<\/div>\n<\/div><\/div>\n\n\n\n<div class=\"wp-block-stackable-heading stk-block-heading stk-block-heading--v2 stk-block stk-ff4768f\" id=\"ajankohtaista\" data-block-id=\"ff4768f\"><style>.stk-ff4768f {margin-top:var(--stk--preset--spacing--70, 3.38rem) !important;margin-bottom:var(--stk--preset--spacing--70, 3.38rem) !important;}.stk-ff4768f .stk-block-heading__text{color:#000000 !important;}<\/style><h2 class=\"stk-block-heading__text has-text-color has-text-align-center\">Ajankohtaista<\/h2><\/div>\n\n\n\n<div data-id=\"bfea7074\" style=\"border-radius:0px;border-style:none;border-width:0px;\" class=\"wp-block-blocksy-query\"><div class=\"ct-query-template-grid\"><article class=\"wp-block-post is-layout-flow post-862 post type-post status-publish format-standard has-post-thumbnail hentry category-esitykset category-uncategorized\">\n\n<div class=\"wp-block-group is-layout-constrained wp-container-core-group-is-layout-990378a1 wp-block-group-is-layout-constrained\" style=\"min-height:100%\"><div style=\"margin-bottom:0;\" class=\"wp-block-cover ct-dynamic-cover mobile-featured-image wp-elements-43ce4fae57970d74fa016af6430c47e0\"><span class=\"wp-block-cover__background\" aria-hidden=\"true\"><\/span><img loading=\"lazy\" decoding=\"async\" width=\"1810\" height=\"2560\" src=\"https:\/\/www.keltainenteatteri.fi\/wp-content\/uploads\/2026\/03\/SANKARIAINESTA-A4-PYSTY-scaled.webp\" class=\"wp-block-cover__image-background wp-post-image not-transparent\" alt=\"\" srcset=\"https:\/\/www.keltainenteatteri.fi\/wp-content\/uploads\/2026\/03\/SANKARIAINESTA-A4-PYSTY-scaled.webp 1810w, https:\/\/www.keltainenteatteri.fi\/wp-content\/uploads\/2026\/03\/SANKARIAINESTA-A4-PYSTY-212x300.webp 212w, https:\/\/www.keltainenteatteri.fi\/wp-content\/uploads\/2026\/03\/SANKARIAINESTA-A4-PYSTY-724x1024.webp 724w, https:\/\/www.keltainenteatteri.fi\/wp-content\/uploads\/2026\/03\/SANKARIAINESTA-A4-PYSTY-768x1086.webp 768w, https:\/\/www.keltainenteatteri.fi\/wp-content\/uploads\/2026\/03\/SANKARIAINESTA-A4-PYSTY-1086x1536.webp 1086w, https:\/\/www.keltainenteatteri.fi\/wp-content\/uploads\/2026\/03\/SANKARIAINESTA-A4-PYSTY-1448x2048.webp 1448w\" sizes=\"auto, (max-width: 1810px) 100vw, 1810px\" data-has-transparency=\"false\" data-dominant-color=\"71645c\" style=\"--dominant-color: #71645c;\" \/><div class=\"wp-block-cover__inner-container ct-dynamic-cover__inner-1 is-layout-constrained wp-block-cover-is-layout-constrained\"><\/div><\/div>\n\n\n<div class=\"wp-block-group has-palette-color-8-background-color has-background wp-container-content-9cfa9a5a is-layout-constrained wp-container-core-group-is-layout-7db9d80f wp-block-group-is-layout-constrained\" style=\"min-height:100%;padding-right:0;padding-left:0\"><h2 style=\"font-size:clamp(14px, 0.875rem + ((1vw - 3.2px) * 0.313), 18px);\" class=\"ct-dynamic-data wp-elements-6de8dfe40f95c231b17cf5beeb473da3\"><a href=\"https:\/\/www.keltainenteatteri.fi\/index.php\/2026\/03\/30\/keltainen-teatteri-goes-teatteri-vanha-juko\/\">KELTAINEN TEATTERI GOES TEATTERI VANHA JUKO!<\/a><\/h2>\n\n<div style=\"font-style:normal;font-weight:500;text-transform:uppercase;\" class=\"ct-dynamic-data wp-elements-03e3a71ada130ec33791ece087b6b906 has-small-font-size\">30.03.2026<\/div>\n\n<div class=\"ct-dynamic-data wp-elements-0237ceb64a2b372a46bc6205accc0e73\"><p>N\u00e4in se on! Keltaisen teatteri toinen suurteos SANKARIAINESTA, n\u00e4hd\u00e4\u00e4n upean Teatteri Vanhan Jukon lavalla elokuussa 2026! (Pimeys. Sytytt\u00e4\u00e4 tulitikun, tuo l\u00e4helle kasvoja. Ennio Morriconen Per un pugno di dollari alkaa soida. Traileri\u00e4\u00e4ni) Mahdatkos olla kuullut t\u00e4t\u00e4 tarinaa? Kerron t\u00e4m\u00e4n tarinan\u2026<\/p>\n<\/div><\/div>\n<\/div>\n\n<\/article><article class=\"wp-block-post is-layout-flow post-840 post type-post status-publish format-standard has-post-thumbnail hentry category-uncategorized\">\n\n<div class=\"wp-block-group is-layout-constrained wp-container-core-group-is-layout-990378a1 wp-block-group-is-layout-constrained\" style=\"min-height:100%\"><div style=\"margin-bottom:0;\" class=\"wp-block-cover ct-dynamic-cover mobile-featured-image wp-elements-43ce4fae57970d74fa016af6430c47e0\"><span class=\"wp-block-cover__background\" aria-hidden=\"true\"><\/span><img loading=\"lazy\" decoding=\"async\" width=\"1587\" height=\"2245\" src=\"https:\/\/www.keltainenteatteri.fi\/wp-content\/uploads\/2026\/01\/2026.webp\" class=\"wp-block-cover__image-background wp-post-image not-transparent\" alt=\"\" srcset=\"https:\/\/www.keltainenteatteri.fi\/wp-content\/uploads\/2026\/01\/2026.webp 1587w, https:\/\/www.keltainenteatteri.fi\/wp-content\/uploads\/2026\/01\/2026-212x300.webp 212w, https:\/\/www.keltainenteatteri.fi\/wp-content\/uploads\/2026\/01\/2026-724x1024.webp 724w, https:\/\/www.keltainenteatteri.fi\/wp-content\/uploads\/2026\/01\/2026-768x1086.webp 768w, https:\/\/www.keltainenteatteri.fi\/wp-content\/uploads\/2026\/01\/2026-1086x1536.webp 1086w, https:\/\/www.keltainenteatteri.fi\/wp-content\/uploads\/2026\/01\/2026-1448x2048.webp 1448w\" sizes=\"auto, (max-width: 1587px) 100vw, 1587px\" data-has-transparency=\"false\" data-dominant-color=\"ab872c\" style=\"--dominant-color: #ab872c;\" \/><div class=\"wp-block-cover__inner-container ct-dynamic-cover__inner-2 is-layout-constrained wp-block-cover-is-layout-constrained\"><\/div><\/div>\n\n\n<div class=\"wp-block-group has-palette-color-8-background-color has-background wp-container-content-9cfa9a5a is-layout-constrained wp-container-core-group-is-layout-7db9d80f wp-block-group-is-layout-constrained\" style=\"min-height:100%;padding-right:0;padding-left:0\"><h2 style=\"font-size:clamp(14px, 0.875rem + ((1vw - 3.2px) * 0.313), 18px);\" class=\"ct-dynamic-data wp-elements-6de8dfe40f95c231b17cf5beeb473da3\"><a href=\"https:\/\/www.keltainenteatteri.fi\/index.php\/2026\/01\/08\/karpasten-herra-lisanaytokset\/\">K\u00e4rp\u00e4sten Herra lis\u00e4n\u00e4yt\u00f6kset<\/a><\/h2>\n\n<div style=\"font-style:normal;font-weight:500;text-transform:uppercase;\" class=\"ct-dynamic-data wp-elements-03e3a71ada130ec33791ece087b6b906 has-small-font-size\">08.01.2026<\/div>\n\n<div class=\"ct-dynamic-data wp-elements-0237ceb64a2b372a46bc6205accc0e73\"><p>Keltaisen Teatterin versio K\u00e4rp\u00e4sten Herrasta sai uskomattoman l\u00e4mpim\u00e4n vastaanoton. Syksyn esitykset sujuivat hienosti ja palaute oli positiivista: &#8220;Vaatimattomissa puitteissa tehty erinomainen n\u00e4ytelm\u00e4 saa toivomaan valoisaa tulevaisuutta teatteriporukalle.&#8221; -Etel\u00e4-Suomen Sanomat &#8220;N\u00e4ytt\u00e4m\u00f6toteutus toimii Pikkuteatterin tiiviill\u00e4 n\u00e4ytt\u00e4m\u00f6ll\u00e4 suorastaan h\u00e4mm\u00e4stytt\u00e4v\u00e4n hyvin.&#8221; &#8211; Etel\u00e4-Suomen Sanomat\u2026<\/p>\n<\/div><\/div>\n<\/div>\n\n<\/article><article class=\"wp-block-post is-layout-flow post-813 post type-post status-publish format-standard has-post-thumbnail hentry category-esitykset category-uncategorized\">\n\n<div class=\"wp-block-group is-layout-constrained wp-container-core-group-is-layout-990378a1 wp-block-group-is-layout-constrained\" style=\"min-height:100%\"><div style=\"margin-bottom:0;\" class=\"wp-block-cover ct-dynamic-cover mobile-featured-image wp-elements-43ce4fae57970d74fa016af6430c47e0\"><span class=\"wp-block-cover__background\" aria-hidden=\"true\"><\/span><img loading=\"lazy\" decoding=\"async\" width=\"1587\" height=\"2245\" src=\"https:\/\/www.keltainenteatteri.fi\/wp-content\/uploads\/2025\/10\/Karpasten-Herra-3.webp\" class=\"wp-block-cover__image-background wp-post-image not-transparent\" alt=\"\" srcset=\"https:\/\/www.keltainenteatteri.fi\/wp-content\/uploads\/2025\/10\/Karpasten-Herra-3.webp 1587w, https:\/\/www.keltainenteatteri.fi\/wp-content\/uploads\/2025\/10\/Karpasten-Herra-3-212x300.webp 212w, https:\/\/www.keltainenteatteri.fi\/wp-content\/uploads\/2025\/10\/Karpasten-Herra-3-724x1024.webp 724w, https:\/\/www.keltainenteatteri.fi\/wp-content\/uploads\/2025\/10\/Karpasten-Herra-3-768x1086.webp 768w, https:\/\/www.keltainenteatteri.fi\/wp-content\/uploads\/2025\/10\/Karpasten-Herra-3-1086x1536.webp 1086w, https:\/\/www.keltainenteatteri.fi\/wp-content\/uploads\/2025\/10\/Karpasten-Herra-3-1448x2048.webp 1448w\" sizes=\"auto, (max-width: 1587px) 100vw, 1587px\" data-has-transparency=\"false\" data-dominant-color=\"ac4740\" style=\"--dominant-color: #ac4740;\" \/><div class=\"wp-block-cover__inner-container ct-dynamic-cover__inner-3 is-layout-constrained wp-block-cover-is-layout-constrained\"><\/div><\/div>\n\n\n<div class=\"wp-block-group has-palette-color-8-background-color has-background wp-container-content-9cfa9a5a is-layout-constrained wp-container-core-group-is-layout-7db9d80f wp-block-group-is-layout-constrained\" style=\"min-height:100%;padding-right:0;padding-left:0\"><h2 style=\"font-size:clamp(14px, 0.875rem + ((1vw - 3.2px) * 0.313), 18px);\" class=\"ct-dynamic-data wp-elements-6de8dfe40f95c231b17cf5beeb473da3\"><a href=\"https:\/\/www.keltainenteatteri.fi\/index.php\/2025\/10\/28\/keltainen-teatteri-esittaa-karpasten-herra\/\">Keltainen Teatteri esitt\u00e4\u00e4: K\u00c4RP\u00c4STEN HERRA<\/a><\/h2>\n\n<div style=\"font-style:normal;font-weight:500;text-transform:uppercase;\" class=\"ct-dynamic-data wp-elements-03e3a71ada130ec33791ece087b6b906 has-small-font-size\">28.10.2025<\/div>\n\n<div class=\"ct-dynamic-data wp-elements-0237ceb64a2b372a46bc6205accc0e73\"><p>Autio saari. Joukko koululaisia. Ei s\u00e4\u00e4nt\u00f6j\u00e4 vaan rajaton vapaus tehd\u00e4 mit\u00e4 huvittaa. \u201cEik\u00e4 ole mit\u00e4\u00e4n syyt\u00e4 tapella. Koska me ollaan kaikki yht\u00e4 jengi\u00e4. Yht\u00e4 jengi\u00e4. Ja t\u00e4m\u00e4 on meid\u00e4n saari. T\u00e4\u00e4 kuuluu meille kaikille\u201d. Hip-hip \u2013Huraa!Hip-hip \u2013Huraa! Saaren sopukoissa tuntuu\u2026<\/p>\n<\/div><\/div>\n<\/div>\n\n<\/article><\/div><style>[data-id='bfea7074'] {--grid-columns-width:3;}@media (max-width: 999.98px) {[data-id='bfea7074'] {--grid-columns-width:2;}}@media (max-width: 689.98px) {[data-id='bfea7074'] {--grid-columns-width:1;}}<\/style><\/div>\n","protected":false},"excerpt":{"rendered":"<p>Ajankohtaista<\/p>\n","protected":false},"author":1,"featured_media":0,"parent":0,"menu_order":0,"comment_status":"closed","ping_status":"closed","template":"","meta":{"pgc_sgb_lightbox_settings":"","footnotes":""},"class_list":["post-641","page","type-page","status-publish","hentry"],"blocksy_meta":{"page_title_panel":"","has_hero_section":"disabled","4c99f9e3e087d19663bd649ab6780b1c":"","hero_section":"type-1","hero_elements":[{"id":"custom_title","enabled":true,"heading_tag":"h1","title":"Home"},{"id":"custom_description","enabled":true,"description_visibility":{"desktop":true,"tablet":true,"mobile":false}},{"id":"custom_meta","enabled":false,"meta_elements":[{"id":"author","enabled":true,"label":"By","has_author_avatar":"yes","avatar_size":25},{"id":"post_date","enabled":true,"label":"On","date_format_source":"default","date_format":"M j, Y"},{"id":"updated_date","enabled":false,"label":"On","date_format_source":"default","date_format":"M j, Y"},{"id":"categories","enabled":false,"label":"In","style":"simple"},{"id":"comments","enabled":true}],"page_meta_elements":{"joined":true,"articles_count":true,"comments":true}},{"id":"breadcrumbs","enabled":false}],"df58fd8e1d1cbd5818f029fb418db3dd":"","hero_alignment1":"CT_CSS_SKIP_RULE","hero_margin":40,"hero_alignment2":"center","hero_vertical_alignment":"center","4f7465e4064dc7aa0beefa56d6e2c076":"","hero_structure":"narrow","767489143f2631bd3e3fa3bc1d63e533":"","page_title_bg_type":"featured_image","custom_hero_background":{"attachment_id":null},"page_title_image_size":"full","parallax":{"desktop":false,"tablet":false,"mobile":false},"642790cc9d0af3668d8083baf82f7995":"","hero_height":"250px","pageTitleFont":{"family":"Default","variation":"Default","size":"30px","line-height":"CT_CSS_SKIP_RULE","letter-spacing":"CT_CSS_SKIP_RULE","text-transform":"CT_CSS_SKIP_RULE","text-decoration":"CT_CSS_SKIP_RULE"},"pageTitleFontColor":{"default":{"color":"CT_CSS_SKIP_RULEDEFAULT"}},"pageMetaFont":{"family":"Default","variation":"n6","size":"12px","line-height":"1.3","letter-spacing":"CT_CSS_SKIP_RULE","text-transform":"uppercase","text-decoration":"CT_CSS_SKIP_RULE"},"pageMetaFontColor":{"default":{"color":"CT_CSS_SKIP_RULEDEFAULT"},"hover":{"color":"CT_CSS_SKIP_RULEDEFAULT"}},"page_meta_button_type_font_colors":{"default":{"color":"CT_CSS_SKIP_RULEDEFAULT"},"hover":{"color":"CT_CSS_SKIP_RULEDEFAULT"}},"page_meta_button_type_background_colors":{"default":{"color":"CT_CSS_SKIP_RULEDEFAULT"},"hover":{"color":"CT_CSS_SKIP_RULEDEFAULT"}},"pageExcerptFont":{"family":"Default","variation":"Default","size":"CT_CSS_SKIP_RULE","line-height":"CT_CSS_SKIP_RULE","letter-spacing":"CT_CSS_SKIP_RULE","text-transform":"CT_CSS_SKIP_RULE","text-decoration":"CT_CSS_SKIP_RULE"},"pageExcerptColor":{"default":{"color":"CT_CSS_SKIP_RULEDEFAULT"}},"breadcrumbsFont":{"family":"Default","variation":"Default","size":"CT_CSS_SKIP_RULE","line-height":"CT_CSS_SKIP_RULE","letter-spacing":"CT_CSS_SKIP_RULE","text-transform":"CT_CSS_SKIP_RULE","text-decoration":"CT_CSS_SKIP_RULE"},"breadcrumbsFontColor":{"default":{"color":"CT_CSS_SKIP_RULEDEFAULT"},"initial":{"color":"CT_CSS_SKIP_RULEDEFAULT"},"hover":{"color":"CT_CSS_SKIP_RULEDEFAULT"}},"pageTitleOverlay":{"background_type":"color","background_pattern":"type-1","background_image":{"attachment_id":null,"x":0,"y":0},"gradient":"linear-gradient(135deg,rgba(6,147,227,1) 0%,rgb(155,81,224) 100%)","background_repeat":"repeat","background_size":"auto","background_attachment":"scroll","patternColor":{"default":{"color":"#e5e7ea"}},"overlayColor":{"default":{"color":"CT_CSS_SKIP_RULE"}},"backgroundColor":{"default":{"color":"CT_CSS_SKIP_RULE"}}},"pageTitleBackground":{"background_type":"color","background_pattern":"type-1","background_image":{"attachment_id":null,"x":0,"y":0},"gradient":"linear-gradient(135deg,rgba(6,147,227,1) 0%,rgb(155,81,224) 100%)","background_repeat":"repeat","background_size":"auto","background_attachment":"scroll","patternColor":{"default":{"color":"#e5e7ea"}},"overlayColor":{"default":{"color":"CT_CSS_SKIP_RULE"}},"backgroundColor":{"default":{"color":"var(--theme-palette-color-6)"}}},"pageTitlePadding":{"top":"50px","bottom":"50px","left":"auto","right":"auto","linked":true},"3b8bca013b84ae5f1a376ecc38b20887":"","page_structure_type":"default","cf59e697dd47e76f37f8cbe80dd70c60":"","content_style_source":"inherit","content_style":"wide","vertical_spacing_source":"custom","content_area_spacing":"none","background":{"background_type":"color","background_pattern":"type-1","background_image":{"attachment_id":null,"x":0,"y":0},"gradient":"linear-gradient(135deg,rgba(6,147,227,1) 0%,rgb(155,81,224) 100%)","background_repeat":"repeat","background_size":"auto","background_attachment":"scroll","patternColor":{"default":{"color":"#e5e7ea"}},"overlayColor":{"default":{"color":"CT_CSS_SKIP_RULE"}},"backgroundColor":{"default":{"color":"CT_CSS_SKIP_RULE"}}},"content_background":{"background_type":"color","background_pattern":"type-1","background_image":{"attachment_id":null,"x":0,"y":0},"gradient":"linear-gradient(135deg,rgba(6,147,227,1) 0%,rgb(155,81,224) 100%)","background_repeat":"repeat","background_size":"auto","background_attachment":"scroll","patternColor":{"default":{"color":"#e5e7ea"}},"overlayColor":{"default":{"color":"CT_CSS_SKIP_RULE"}},"backgroundColor":{"default":{"color":"var(--theme-palette-color-8)"}}},"content_boxed_shadow":{"inherit":false,"blur":18,"spread":-6,"v_offset":12,"h_offset":0,"inset":false,"enable":true,"color":{"color":"rgba(34, 56, 101, 0.04)"}},"content_boxed_border":{"width":1,"style":"none","color":{"color":"rgba(44,62,80,0.2)"}},"content_boxed_radius":{"top":"3px","bottom":"3px","left":"3px","right":"3px","linked":true},"boxed_content_spacing":{"desktop":{"top":"40px","bottom":"40px","left":"40px","right":"40px","linked":true},"tablet":{"top":"35px","bottom":"35px","left":"35px","right":"35px","linked":true},"mobile":{"top":"20px","bottom":"20px","left":"20px","right":"20px","linked":true}},"93639a98137cf3da4a3377b3f873e5c3":"","disable_featured_image":"no","disable_share_box":"no","disable_header":"no","disable_footer":"no","styles_descriptor":{"styles":{"desktop":"","tablet":"","mobile":""},"google_fonts":[],"version":6}},"_links":{"self":[{"href":"https:\/\/www.keltainenteatteri.fi\/index.php\/wp-json\/wp\/v2\/pages\/641","targetHints":{"allow":["GET"]}}],"collection":[{"href":"https:\/\/www.keltainenteatteri.fi\/index.php\/wp-json\/wp\/v2\/pages"}],"about":[{"href":"https:\/\/www.keltainenteatteri.fi\/index.php\/wp-json\/wp\/v2\/types\/page"}],"author":[{"embeddable":true,"href":"https:\/\/www.keltainenteatteri.fi\/index.php\/wp-json\/wp\/v2\/users\/1"}],"replies":[{"embeddable":true,"href":"https:\/\/www.keltainenteatteri.fi\/index.php\/wp-json\/wp\/v2\/comments?post=641"}],"version-history":[{"count":16,"href":"https:\/\/www.keltainenteatteri.fi\/index.php\/wp-json\/wp\/v2\/pages\/641\/revisions"}],"predecessor-version":[{"id":816,"href":"https:\/\/www.keltainenteatteri.fi\/index.php\/wp-json\/wp\/v2\/pages\/641\/revisions\/816"}],"wp:attachment":[{"href":"https:\/\/www.keltainenteatteri.fi\/index.php\/wp-json\/wp\/v2\/media?parent=641"}],"curies":[{"name":"wp","href":"https:\/\/api.w.org\/{rel}","templated":true}]}}