{"id":643,"date":"2022-08-15T08:24:49","date_gmt":"2022-08-15T08:24:49","guid":{"rendered":"https:\/\/startersites.io\/blocksy\/renovation\/?page_id=9"},"modified":"2026-01-04T14:42:24","modified_gmt":"2026-01-04T14:42:24","slug":"teatteri","status":"publish","type":"page","link":"https:\/\/www.keltainenteatteri.fi\/index.php\/teatteri\/","title":{"rendered":"Teatteri"},"content":{"rendered":"\n<div class=\"wp-block-media-text alignfull has-media-on-the-right is-stacked-on-mobile is-vertically-aligned-top has-palette-color-9-background-color has-text-color has-background has-link-color wp-elements-715df4d6386808ad932fb0a18239aa83\" style=\"color:#fffdc7;margin-top:0;margin-bottom:0;padding-top:0;padding-right:0;padding-bottom:0;padding-left:0;grid-template-columns:auto 60%\"><div class=\"wp-block-media-text__content\">\n<div class=\"wp-block-group has-link-color wp-elements-ec1977b1d5ab0cd85323641f33653c40 is-layout-flow wp-block-group-is-layout-flow\" style=\"padding-top:2em;padding-right:2em;padding-bottom:2em;padding-left:2em\">\n<figure class=\"wp-block-image aligncenter size-large\"><img data-dominant-color=\"ffffff\" data-has-transparency=\"true\" style=\"--dominant-color: #ffffff;\" loading=\"lazy\" decoding=\"async\" width=\"1024\" height=\"168\" src=\"http:\/\/www.keltainenteatteri.fi\/wp-content\/uploads\/2025\/10\/TESTILOGO2x-1024x168.webp\" alt=\"\" class=\"wp-image-704 has-transparency\" srcset=\"https:\/\/www.keltainenteatteri.fi\/wp-content\/uploads\/2025\/10\/TESTILOGO2x-1024x168.webp 1024w, https:\/\/www.keltainenteatteri.fi\/wp-content\/uploads\/2025\/10\/TESTILOGO2x-300x49.webp 300w, https:\/\/www.keltainenteatteri.fi\/wp-content\/uploads\/2025\/10\/TESTILOGO2x-768x126.webp 768w, https:\/\/www.keltainenteatteri.fi\/wp-content\/uploads\/2025\/10\/TESTILOGO2x-1536x252.webp 1536w, https:\/\/www.keltainenteatteri.fi\/wp-content\/uploads\/2025\/10\/TESTILOGO2x-2048x336.webp 2048w\" sizes=\"auto, (max-width: 1024px) 100vw, 1024px\" \/><\/figure>\n\n\n\n<p class=\"has-text-color has-link-color wp-elements-9da039fc70feb9f7b00b48c42de992e2\" style=\"color:#fffdc7\">Keltainen teatteri on uusi, nuorten teatteritekij\u00f6iden teatteri, joka sai alkunsa Lahden Kansanopiston teatterikoulutuksessa. Luokkakaverukset Tino ja Ville, sek\u00e4 aiemmin Lahdessa opiskellut Oona haaveilivat teatterista, jossa teokset tehd\u00e4\u00e4n itse, omilla ehdoilla. Joulukuun 5. p\u00e4iv\u00e4n\u00e4 2024 syntyi Keltainen Teatteri Ry.<\/p>\n\n\n\n<p>Keltaisen Teatterin ensimm\u00e4inen n\u00e4ytelm\u00e4 K\u00e4rp\u00e4sten Herra sai ensi-iltansa syksyll\u00e4 2025. <\/p>\n\n\n\n<p><\/p>\n<\/div>\n<\/div><figure class=\"wp-block-media-text__media\"><img loading=\"lazy\" decoding=\"async\" width=\"683\" height=\"1024\" src=\"http:\/\/www.keltainenteatteri.fi\/wp-content\/uploads\/2025\/10\/IMG_9472-683x1024.webp\" alt=\"\" class=\"wp-image-801 size-full\" srcset=\"https:\/\/www.keltainenteatteri.fi\/wp-content\/uploads\/2025\/10\/IMG_9472-683x1024.webp 683w, https:\/\/www.keltainenteatteri.fi\/wp-content\/uploads\/2025\/10\/IMG_9472-200x300.webp 200w, https:\/\/www.keltainenteatteri.fi\/wp-content\/uploads\/2025\/10\/IMG_9472-768x1152.webp 768w, https:\/\/www.keltainenteatteri.fi\/wp-content\/uploads\/2025\/10\/IMG_9472-scaled.webp 1707w\" sizes=\"auto, (max-width: 683px) 100vw, 683px\" \/><\/figure><\/div>\n","protected":false},"excerpt":{"rendered":"","protected":false},"author":1,"featured_media":0,"parent":0,"menu_order":0,"comment_status":"closed","ping_status":"closed","template":"","meta":{"pgc_sgb_lightbox_settings":"","footnotes":""},"class_list":["post-643","page","type-page","status-publish","hentry"],"blocksy_meta":{"styles_descriptor":{"styles":{"desktop":"","tablet":"","mobile":""},"google_fonts":[],"version":6},"page_title_panel":"","has_hero_section":"disabled","01b60a76e7635469bb5687010101247b":"","hero_section":"type-1","hero_elements":[{"id":"custom_title","enabled":true,"heading_tag":"h1","title":"Home"},{"id":"custom_description","enabled":true,"description_visibility":{"desktop":true,"tablet":true,"mobile":false}},{"id":"custom_meta","enabled":false,"meta_elements":[{"id":"author","enabled":true,"label":"By","has_author_avatar":"yes","avatar_size":25},{"id":"post_date","enabled":true,"label":"On","date_format_source":"default","date_format":"M j, Y"},{"id":"updated_date","enabled":false,"label":"On","date_format_source":"default","date_format":"M j, Y"},{"id":"categories","enabled":false,"label":"In","style":"simple"},{"id":"comments","enabled":true}],"page_meta_elements":{"joined":true,"articles_count":true,"comments":true}},{"id":"breadcrumbs","enabled":false}],"413d489fe2388654240bfc9954bd77ae":"","hero_alignment1":"CT_CSS_SKIP_RULE","hero_margin":40,"hero_alignment2":"center","hero_vertical_alignment":"center","2ea752f4198854cbe6fd949efede986b":"","hero_structure":"narrow","b5bdcc754f1a674732ab73d23b11c6c6":"","page_title_bg_type":"featured_image","custom_hero_background":{"attachment_id":null},"page_title_image_size":"full","parallax":{"desktop":false,"tablet":false,"mobile":false},"9b6b50c80d721e16a3dd64d52e39134c":"","hero_height":"250px","pageTitleFont":{"family":"Default","variation":"Default","size":"30px","line-height":"CT_CSS_SKIP_RULE","letter-spacing":"CT_CSS_SKIP_RULE","text-transform":"CT_CSS_SKIP_RULE","text-decoration":"CT_CSS_SKIP_RULE"},"pageTitleFontColor":{"default":{"color":"CT_CSS_SKIP_RULEDEFAULT"}},"pageMetaFont":{"family":"Default","variation":"n6","size":"12px","line-height":"1.3","letter-spacing":"CT_CSS_SKIP_RULE","text-transform":"uppercase","text-decoration":"CT_CSS_SKIP_RULE"},"pageMetaFontColor":{"default":{"color":"CT_CSS_SKIP_RULEDEFAULT"},"hover":{"color":"CT_CSS_SKIP_RULEDEFAULT"}},"page_meta_button_type_font_colors":{"default":{"color":"CT_CSS_SKIP_RULEDEFAULT"},"hover":{"color":"CT_CSS_SKIP_RULEDEFAULT"}},"page_meta_button_type_background_colors":{"default":{"color":"CT_CSS_SKIP_RULEDEFAULT"},"hover":{"color":"CT_CSS_SKIP_RULEDEFAULT"}},"pageExcerptFont":{"family":"Default","variation":"Default","size":"CT_CSS_SKIP_RULE","line-height":"CT_CSS_SKIP_RULE","letter-spacing":"CT_CSS_SKIP_RULE","text-transform":"CT_CSS_SKIP_RULE","text-decoration":"CT_CSS_SKIP_RULE"},"pageExcerptColor":{"default":{"color":"CT_CSS_SKIP_RULEDEFAULT"}},"breadcrumbsFont":{"family":"Default","variation":"Default","size":"CT_CSS_SKIP_RULE","line-height":"CT_CSS_SKIP_RULE","letter-spacing":"CT_CSS_SKIP_RULE","text-transform":"CT_CSS_SKIP_RULE","text-decoration":"CT_CSS_SKIP_RULE"},"breadcrumbsFontColor":{"default":{"color":"CT_CSS_SKIP_RULEDEFAULT"},"initial":{"color":"CT_CSS_SKIP_RULEDEFAULT"},"hover":{"color":"CT_CSS_SKIP_RULEDEFAULT"}},"pageTitleOverlay":{"background_type":"color","background_pattern":"type-1","background_image":{"attachment_id":null,"x":0,"y":0},"gradient":"linear-gradient(135deg,rgba(6,147,227,1) 0%,rgb(155,81,224) 100%)","background_repeat":"repeat","background_size":"auto","background_attachment":"scroll","patternColor":{"default":{"color":"#e5e7ea"}},"overlayColor":{"default":{"color":"CT_CSS_SKIP_RULE"}},"backgroundColor":{"default":{"color":"CT_CSS_SKIP_RULE"}}},"pageTitleBackground":{"background_type":"color","background_pattern":"type-1","background_image":{"attachment_id":null,"x":0,"y":0},"gradient":"linear-gradient(135deg,rgba(6,147,227,1) 0%,rgb(155,81,224) 100%)","background_repeat":"repeat","background_size":"auto","background_attachment":"scroll","patternColor":{"default":{"color":"#e5e7ea"}},"overlayColor":{"default":{"color":"CT_CSS_SKIP_RULE"}},"backgroundColor":{"default":{"color":"var(--theme-palette-color-6)"}}},"pageTitlePadding":{"top":"50px","bottom":"50px","left":"auto","right":"auto","linked":true},"00739e20ddb3660ccaead7731bfc083c":"","page_structure_type":"default","8fb7046864b0ad6dee6cb10ee9812e5d":"","content_style_source":"inherit","content_style":"wide","vertical_spacing_source":"custom","content_area_spacing":"none","background":{"background_type":"color","background_pattern":"type-1","background_image":{"attachment_id":null,"x":0,"y":0},"gradient":"linear-gradient(135deg,rgba(6,147,227,1) 0%,rgb(155,81,224) 100%)","background_repeat":"repeat","background_size":"auto","background_attachment":"scroll","patternColor":{"default":{"color":"#e5e7ea"}},"overlayColor":{"default":{"color":"CT_CSS_SKIP_RULE"}},"backgroundColor":{"default":{"color":"CT_CSS_SKIP_RULE"}}},"content_background":{"background_type":"color","background_pattern":"type-1","background_image":{"attachment_id":null,"x":0,"y":0},"gradient":"linear-gradient(135deg,rgba(6,147,227,1) 0%,rgb(155,81,224) 100%)","background_repeat":"repeat","background_size":"auto","background_attachment":"scroll","patternColor":{"default":{"color":"#e5e7ea"}},"overlayColor":{"default":{"color":"CT_CSS_SKIP_RULE"}},"backgroundColor":{"default":{"color":"var(--theme-palette-color-8)"}}},"content_boxed_shadow":{"inherit":false,"blur":18,"spread":-6,"v_offset":12,"h_offset":0,"inset":false,"enable":true,"color":{"color":"rgba(34, 56, 101, 0.04)"}},"content_boxed_border":{"width":1,"style":"none","color":{"color":"rgba(44,62,80,0.2)"}},"content_boxed_radius":{"top":"3px","bottom":"3px","left":"3px","right":"3px","linked":true},"boxed_content_spacing":{"desktop":{"top":"40px","bottom":"40px","left":"40px","right":"40px","linked":true},"tablet":{"top":"35px","bottom":"35px","left":"35px","right":"35px","linked":true},"mobile":{"top":"20px","bottom":"20px","left":"20px","right":"20px","linked":true}},"8249023ba008993193a67a02ec3e2d09":"","disable_featured_image":"no","disable_share_box":"no","disable_header":"no","disable_footer":"no"},"_links":{"self":[{"href":"https:\/\/www.keltainenteatteri.fi\/index.php\/wp-json\/wp\/v2\/pages\/643","targetHints":{"allow":["GET"]}}],"collection":[{"href":"https:\/\/www.keltainenteatteri.fi\/index.php\/wp-json\/wp\/v2\/pages"}],"about":[{"href":"https:\/\/www.keltainenteatteri.fi\/index.php\/wp-json\/wp\/v2\/types\/page"}],"author":[{"embeddable":true,"href":"https:\/\/www.keltainenteatteri.fi\/index.php\/wp-json\/wp\/v2\/users\/1"}],"replies":[{"embeddable":true,"href":"https:\/\/www.keltainenteatteri.fi\/index.php\/wp-json\/wp\/v2\/comments?post=643"}],"version-history":[{"count":10,"href":"https:\/\/www.keltainenteatteri.fi\/index.php\/wp-json\/wp\/v2\/pages\/643\/revisions"}],"predecessor-version":[{"id":837,"href":"https:\/\/www.keltainenteatteri.fi\/index.php\/wp-json\/wp\/v2\/pages\/643\/revisions\/837"}],"wp:attachment":[{"href":"https:\/\/www.keltainenteatteri.fi\/index.php\/wp-json\/wp\/v2\/media?parent=643"}],"curies":[{"name":"wp","href":"https:\/\/api.w.org\/{rel}","templated":true}]}}