{"id":882,"date":"2026-03-30T10:33:42","date_gmt":"2026-03-30T10:33:42","guid":{"rendered":"https:\/\/www.keltainenteatteri.fi\/?page_id=882"},"modified":"2026-04-06T11:28:22","modified_gmt":"2026-04-06T11:28:22","slug":"menneet-esitykset","status":"publish","type":"page","link":"https:\/\/www.keltainenteatteri.fi\/index.php\/esitykset\/menneet-esitykset\/","title":{"rendered":"Menneet esitykset"},"content":{"rendered":"\n<figure class=\"wp-block-image is-resized\"><img data-dominant-color=\"ac4740\" data-has-transparency=\"false\" loading=\"lazy\" decoding=\"async\" width=\"724\" height=\"1024\" src=\"http:\/\/www.keltainenteatteri.fi\/wp-content\/uploads\/2025\/10\/Karpasten-Herra-3-724x1024.webp\" alt=\"\" class=\"wp-image-777 not-transparent\" style=\"--dominant-color: #ac4740; width:457px;height:auto\" srcset=\"https:\/\/www.keltainenteatteri.fi\/wp-content\/uploads\/2025\/10\/Karpasten-Herra-3-724x1024.webp 724w, https:\/\/www.keltainenteatteri.fi\/wp-content\/uploads\/2025\/10\/Karpasten-Herra-3-212x300.webp 212w, https:\/\/www.keltainenteatteri.fi\/wp-content\/uploads\/2025\/10\/Karpasten-Herra-3-768x1086.webp 768w, https:\/\/www.keltainenteatteri.fi\/wp-content\/uploads\/2025\/10\/Karpasten-Herra-3-1086x1536.webp 1086w, https:\/\/www.keltainenteatteri.fi\/wp-content\/uploads\/2025\/10\/Karpasten-Herra-3-1448x2048.webp 1448w, https:\/\/www.keltainenteatteri.fi\/wp-content\/uploads\/2025\/10\/Karpasten-Herra-3.webp 1587w\" sizes=\"auto, (max-width: 724px) 100vw, 724px\" \/><\/figure>\n\n\n\n<p>Autio saari. Joukko koululaisia.<\/p>\n\n\n\n<p>Ei s\u00e4\u00e4nt\u00f6j\u00e4 vaan rajaton vapaus tehd\u00e4 mit\u00e4 huvittaa.<\/p>\n\n\n\n<p>\u201cEik\u00e4 ole mit\u00e4\u00e4n syyt\u00e4 tapella. Koska me ollaan kaikki yht\u00e4 jengi\u00e4. Yht\u00e4 jengi\u00e4. Ja t\u00e4m\u00e4 on meid\u00e4n saari. T\u00e4\u00e4 kuuluu meille kaikille\u201d.<\/p>\n\n\n\n<p>Hip-hip \u2013<br>Huraa!<br>Hip-hip \u2013<br>Huraa!<\/p>\n\n\n\n<p>Saaren sopukoissa tuntuu kuitenkin vaanivan jotain synkk\u00e4\u00e4, jotakin sellaista joka vaanii ja korruptoi p\u00e4\u00e4stess\u00e4\u00e4n l\u00e4helle\u2026<br><br>K\u00e4rp\u00e4sten Herra on pelottavan ajankohtainen n\u00e4ytelm\u00e4 vallasta, polarisaatiosta, pelosta ja ennen kaikkea kysymys siit\u00e4 miksi on niin vaikea leikki\u00e4 yhdess\u00e4?<\/p>\n\n\n\n<p>Ohjaajina Tino Karttunen ja Ville Saastamoinen. Lavalla Heikki Hoppania, Oona Hynynen, Teemu Kalliokoski, Elias Kaukkila, Aino Kuronen, Aapo Loimalahti, Minea Mantsinen, Ville Saastamoinen ja Peetu Savolainen<\/p>\n\n\n\n<p>N\u00e4ytelm\u00e4 pohjautuu William Goldingin legendaariseen romaaniin, jonka on dramatisoinut Nigel Williams. Suomennos on Heini Salopellon tekem\u00e4 ja Keltaisen Teatterin Tino Karttusen ja Ville Saastamoisen sovittama.<\/p>\n\n\n\n<p>Esityspaikkoina toimi  Koljonvirta Teatteri Areena Iisalmessa, Pikkuteatteri Lahdessa, Miniteatteri H\u00e4meenlinnassa, Teatteri Telakka Tampereella, KokoTeatteri Helsingiss\u00e4 ja teatteri Eurooppa 4 Jyv\u00e4skyl\u00e4ss\u00e4.<\/p>\n\n\n\n<p><strong>ARVIOITA:<\/strong><\/p>\n\n\n\n<p><a href=\"https:\/\/kulttuuritoimitus.fi\/kritiikit\/kritiikit-teatteri\/energinen-klassikkonaytelma-iskee-ja-osuu-nykypaivan-kahtiajaon-hengessa-arviossa-keltaisen-teatterin-karpasten-herra\/\" data-type=\"link\" data-id=\"https:\/\/kulttuuritoimitus.fi\/kritiikit\/kritiikit-teatteri\/energinen-klassikkonaytelma-iskee-ja-osuu-nykypaivan-kahtiajaon-hengessa-arviossa-keltaisen-teatterin-karpasten-herra\/\">https:\/\/kulttuuritoimitus.fi\/kritiikit\/kritiikit-teatteri\/energinen-klassikkonaytelma-iskee-ja-osuu-nykypaivan-kahtiajaon-hengessa-arviossa-keltaisen-teatterin-karpasten-herra\/<\/a><\/p>\n\n\n\n<p><a href=\"https:\/\/teatterikarpanen.blogspot.com\/2025\/11\/karpasten-herra-keltainen-teatteri.html\">https:\/\/teatterikarpanen.blogspot.com\/2025\/11\/karpasten-herra-keltainen-teatteri.html<\/a><\/p>\n\n\n\n<p><a href=\"https:\/\/teatterinna.blogspot.com\/2025\/11\/karpasten-herra-keltainen-teatteri.html\">https:\/\/teatterinna.blogspot.com\/2025\/11\/karpasten-herra-keltainen-teatteri.html<\/a><\/p>\n\n\n\n<figure class=\"wp-block-gallery has-nested-images columns-default is-cropped wp-block-gallery-1 is-layout-flex wp-block-gallery-is-layout-flex\">\n<figure class=\"wp-block-image size-large\"><img data-dominant-color=\"483c30\" data-has-transparency=\"false\" style=\"--dominant-color: #483c30;\" loading=\"lazy\" decoding=\"async\" width=\"1024\" height=\"683\" data-id=\"792\" src=\"https:\/\/www.keltainenteatteri.fi\/wp-content\/uploads\/2025\/10\/IMG_8259-1024x683.webp\" alt=\"\" class=\"wp-image-792 not-transparent\" srcset=\"https:\/\/www.keltainenteatteri.fi\/wp-content\/uploads\/2025\/10\/IMG_8259-1024x683.webp 1024w, https:\/\/www.keltainenteatteri.fi\/wp-content\/uploads\/2025\/10\/IMG_8259-300x200.webp 300w, https:\/\/www.keltainenteatteri.fi\/wp-content\/uploads\/2025\/10\/IMG_8259-768x512.webp 768w, https:\/\/www.keltainenteatteri.fi\/wp-content\/uploads\/2025\/10\/IMG_8259-1536x1024.webp 1536w, https:\/\/www.keltainenteatteri.fi\/wp-content\/uploads\/2025\/10\/IMG_8259.webp 2048w\" sizes=\"auto, (max-width: 1024px) 100vw, 1024px\" \/><\/figure>\n\n\n\n<figure class=\"wp-block-image size-large\"><img data-dominant-color=\"510505\" data-has-transparency=\"false\" style=\"--dominant-color: #510505;\" loading=\"lazy\" decoding=\"async\" width=\"1024\" height=\"683\" data-id=\"791\" src=\"https:\/\/www.keltainenteatteri.fi\/wp-content\/uploads\/2025\/10\/IMG_8365-1024x683.webp\" alt=\"\" class=\"wp-image-791 not-transparent\" srcset=\"https:\/\/www.keltainenteatteri.fi\/wp-content\/uploads\/2025\/10\/IMG_8365-1024x683.webp 1024w, https:\/\/www.keltainenteatteri.fi\/wp-content\/uploads\/2025\/10\/IMG_8365-300x200.webp 300w, https:\/\/www.keltainenteatteri.fi\/wp-content\/uploads\/2025\/10\/IMG_8365-768x512.webp 768w, https:\/\/www.keltainenteatteri.fi\/wp-content\/uploads\/2025\/10\/IMG_8365-1536x1024.webp 1536w, https:\/\/www.keltainenteatteri.fi\/wp-content\/uploads\/2025\/10\/IMG_8365.webp 2048w\" sizes=\"auto, (max-width: 1024px) 100vw, 1024px\" \/><\/figure>\n\n\n\n<figure class=\"wp-block-image size-large\"><img data-dominant-color=\"364d69\" data-has-transparency=\"false\" style=\"--dominant-color: #364d69;\" loading=\"lazy\" decoding=\"async\" width=\"1024\" height=\"683\" data-id=\"790\" src=\"https:\/\/www.keltainenteatteri.fi\/wp-content\/uploads\/2025\/10\/IMG_8379-1024x683.webp\" alt=\"\" class=\"wp-image-790 not-transparent\" srcset=\"https:\/\/www.keltainenteatteri.fi\/wp-content\/uploads\/2025\/10\/IMG_8379-1024x683.webp 1024w, https:\/\/www.keltainenteatteri.fi\/wp-content\/uploads\/2025\/10\/IMG_8379-300x200.webp 300w, https:\/\/www.keltainenteatteri.fi\/wp-content\/uploads\/2025\/10\/IMG_8379-768x512.webp 768w, https:\/\/www.keltainenteatteri.fi\/wp-content\/uploads\/2025\/10\/IMG_8379-1536x1024.webp 1536w, https:\/\/www.keltainenteatteri.fi\/wp-content\/uploads\/2025\/10\/IMG_8379.webp 2048w\" sizes=\"auto, (max-width: 1024px) 100vw, 1024px\" \/><\/figure>\n\n\n\n<figure class=\"wp-block-image size-large\"><img data-dominant-color=\"1c2932\" data-has-transparency=\"false\" style=\"--dominant-color: #1c2932;\" loading=\"lazy\" decoding=\"async\" width=\"1024\" height=\"683\" data-id=\"789\" src=\"https:\/\/www.keltainenteatteri.fi\/wp-content\/uploads\/2025\/10\/IMG_8691-1-1024x683.webp\" alt=\"\" class=\"wp-image-789 not-transparent\" srcset=\"https:\/\/www.keltainenteatteri.fi\/wp-content\/uploads\/2025\/10\/IMG_8691-1-1024x683.webp 1024w, https:\/\/www.keltainenteatteri.fi\/wp-content\/uploads\/2025\/10\/IMG_8691-1-300x200.webp 300w, https:\/\/www.keltainenteatteri.fi\/wp-content\/uploads\/2025\/10\/IMG_8691-1-768x512.webp 768w, https:\/\/www.keltainenteatteri.fi\/wp-content\/uploads\/2025\/10\/IMG_8691-1-1536x1024.webp 1536w, https:\/\/www.keltainenteatteri.fi\/wp-content\/uploads\/2025\/10\/IMG_8691-1.webp 2048w\" sizes=\"auto, (max-width: 1024px) 100vw, 1024px\" \/><\/figure>\n\n\n\n<figure class=\"wp-block-image size-large\"><img data-dominant-color=\"3e4555\" data-has-transparency=\"false\" style=\"--dominant-color: #3e4555;\" loading=\"lazy\" decoding=\"async\" width=\"1024\" height=\"683\" data-id=\"787\" src=\"https:\/\/www.keltainenteatteri.fi\/wp-content\/uploads\/2025\/10\/IMG_8714-1024x683.webp\" alt=\"\" class=\"wp-image-787 not-transparent\" srcset=\"https:\/\/www.keltainenteatteri.fi\/wp-content\/uploads\/2025\/10\/IMG_8714-1024x683.webp 1024w, https:\/\/www.keltainenteatteri.fi\/wp-content\/uploads\/2025\/10\/IMG_8714-300x200.webp 300w, https:\/\/www.keltainenteatteri.fi\/wp-content\/uploads\/2025\/10\/IMG_8714-768x512.webp 768w, https:\/\/www.keltainenteatteri.fi\/wp-content\/uploads\/2025\/10\/IMG_8714-1536x1024.webp 1536w, https:\/\/www.keltainenteatteri.fi\/wp-content\/uploads\/2025\/10\/IMG_8714.webp 2048w\" sizes=\"auto, (max-width: 1024px) 100vw, 1024px\" \/><\/figure>\n\n\n\n<figure class=\"wp-block-image size-large\"><img data-dominant-color=\"392820\" data-has-transparency=\"false\" style=\"--dominant-color: #392820;\" loading=\"lazy\" decoding=\"async\" width=\"1024\" height=\"683\" data-id=\"786\" src=\"https:\/\/www.keltainenteatteri.fi\/wp-content\/uploads\/2025\/10\/IMG_8792-1024x683.webp\" alt=\"\" class=\"wp-image-786 not-transparent\" srcset=\"https:\/\/www.keltainenteatteri.fi\/wp-content\/uploads\/2025\/10\/IMG_8792-1024x683.webp 1024w, https:\/\/www.keltainenteatteri.fi\/wp-content\/uploads\/2025\/10\/IMG_8792-300x200.webp 300w, https:\/\/www.keltainenteatteri.fi\/wp-content\/uploads\/2025\/10\/IMG_8792-768x512.webp 768w, https:\/\/www.keltainenteatteri.fi\/wp-content\/uploads\/2025\/10\/IMG_8792-1536x1024.webp 1536w, https:\/\/www.keltainenteatteri.fi\/wp-content\/uploads\/2025\/10\/IMG_8792.webp 2048w\" sizes=\"auto, (max-width: 1024px) 100vw, 1024px\" \/><\/figure>\n\n\n\n<figure class=\"wp-block-image size-large\"><img data-dominant-color=\"655847\" data-has-transparency=\"false\" style=\"--dominant-color: #655847;\" loading=\"lazy\" decoding=\"async\" width=\"1024\" height=\"683\" data-id=\"911\" src=\"https:\/\/www.keltainenteatteri.fi\/wp-content\/uploads\/2026\/04\/IMG_8810-1024x683.webp\" alt=\"\" class=\"wp-image-911 not-transparent\" srcset=\"https:\/\/www.keltainenteatteri.fi\/wp-content\/uploads\/2026\/04\/IMG_8810-1024x683.webp 1024w, https:\/\/www.keltainenteatteri.fi\/wp-content\/uploads\/2026\/04\/IMG_8810-300x200.webp 300w, https:\/\/www.keltainenteatteri.fi\/wp-content\/uploads\/2026\/04\/IMG_8810-768x512.webp 768w, https:\/\/www.keltainenteatteri.fi\/wp-content\/uploads\/2026\/04\/IMG_8810-1536x1024.webp 1536w, https:\/\/www.keltainenteatteri.fi\/wp-content\/uploads\/2026\/04\/IMG_8810.webp 2048w\" sizes=\"auto, (max-width: 1024px) 100vw, 1024px\" \/><\/figure>\n\n\n\n<figure class=\"wp-block-image size-large\"><img data-dominant-color=\"6f6762\" data-has-transparency=\"false\" style=\"--dominant-color: #6f6762;\" loading=\"lazy\" decoding=\"async\" width=\"1024\" height=\"683\" data-id=\"914\" src=\"https:\/\/www.keltainenteatteri.fi\/wp-content\/uploads\/2026\/04\/IMG_8672-1024x683.webp\" alt=\"\" class=\"wp-image-914 not-transparent\" srcset=\"https:\/\/www.keltainenteatteri.fi\/wp-content\/uploads\/2026\/04\/IMG_8672-1024x683.webp 1024w, https:\/\/www.keltainenteatteri.fi\/wp-content\/uploads\/2026\/04\/IMG_8672-300x200.webp 300w, https:\/\/www.keltainenteatteri.fi\/wp-content\/uploads\/2026\/04\/IMG_8672-768x512.webp 768w, https:\/\/www.keltainenteatteri.fi\/wp-content\/uploads\/2026\/04\/IMG_8672-1536x1024.webp 1536w, https:\/\/www.keltainenteatteri.fi\/wp-content\/uploads\/2026\/04\/IMG_8672.webp 2048w\" sizes=\"auto, (max-width: 1024px) 100vw, 1024px\" \/><\/figure>\n\n\n\n<figure class=\"wp-block-image size-large\"><img data-dominant-color=\"574e4b\" data-has-transparency=\"false\" style=\"--dominant-color: #574e4b;\" loading=\"lazy\" decoding=\"async\" width=\"1024\" height=\"683\" data-id=\"910\" src=\"https:\/\/www.keltainenteatteri.fi\/wp-content\/uploads\/2026\/04\/IMG_8779-1024x683.webp\" alt=\"\" class=\"wp-image-910 not-transparent\" srcset=\"https:\/\/www.keltainenteatteri.fi\/wp-content\/uploads\/2026\/04\/IMG_8779-1024x683.webp 1024w, https:\/\/www.keltainenteatteri.fi\/wp-content\/uploads\/2026\/04\/IMG_8779-300x200.webp 300w, https:\/\/www.keltainenteatteri.fi\/wp-content\/uploads\/2026\/04\/IMG_8779-768x512.webp 768w, https:\/\/www.keltainenteatteri.fi\/wp-content\/uploads\/2026\/04\/IMG_8779-1536x1024.webp 1536w, https:\/\/www.keltainenteatteri.fi\/wp-content\/uploads\/2026\/04\/IMG_8779.webp 2048w\" sizes=\"auto, (max-width: 1024px) 100vw, 1024px\" \/><\/figure>\n<\/figure>\n","protected":false},"excerpt":{"rendered":"<p>Autio saari. Joukko koululaisia. Ei s\u00e4\u00e4nt\u00f6j\u00e4 vaan rajaton vapaus tehd\u00e4 mit\u00e4 huvittaa. \u201cEik\u00e4 ole mit\u00e4\u00e4n syyt\u00e4 tapella. Koska me ollaan kaikki yht\u00e4 jengi\u00e4. Yht\u00e4 jengi\u00e4. Ja t\u00e4m\u00e4 on meid\u00e4n saari. T\u00e4\u00e4 kuuluu meille kaikille\u201d. Hip-hip \u2013Huraa!Hip-hip \u2013Huraa! Saaren sopukoissa tuntuu kuitenkin vaanivan jotain synkk\u00e4\u00e4, jotakin sellaista joka vaanii ja korruptoi p\u00e4\u00e4stess\u00e4\u00e4n l\u00e4helle\u2026 K\u00e4rp\u00e4sten Herra on [&hellip;]<\/p>\n","protected":false},"author":1,"featured_media":0,"parent":13,"menu_order":2,"comment_status":"closed","ping_status":"closed","template":"","meta":{"pgc_sgb_lightbox_settings":"","footnotes":""},"class_list":["post-882","page","type-page","status-publish","hentry"],"blocksy_meta":[],"_links":{"self":[{"href":"https:\/\/www.keltainenteatteri.fi\/index.php\/wp-json\/wp\/v2\/pages\/882","targetHints":{"allow":["GET"]}}],"collection":[{"href":"https:\/\/www.keltainenteatteri.fi\/index.php\/wp-json\/wp\/v2\/pages"}],"about":[{"href":"https:\/\/www.keltainenteatteri.fi\/index.php\/wp-json\/wp\/v2\/types\/page"}],"author":[{"embeddable":true,"href":"https:\/\/www.keltainenteatteri.fi\/index.php\/wp-json\/wp\/v2\/users\/1"}],"replies":[{"embeddable":true,"href":"https:\/\/www.keltainenteatteri.fi\/index.php\/wp-json\/wp\/v2\/comments?post=882"}],"version-history":[{"count":4,"href":"https:\/\/www.keltainenteatteri.fi\/index.php\/wp-json\/wp\/v2\/pages\/882\/revisions"}],"predecessor-version":[{"id":915,"href":"https:\/\/www.keltainenteatteri.fi\/index.php\/wp-json\/wp\/v2\/pages\/882\/revisions\/915"}],"up":[{"embeddable":true,"href":"https:\/\/www.keltainenteatteri.fi\/index.php\/wp-json\/wp\/v2\/pages\/13"}],"wp:attachment":[{"href":"https:\/\/www.keltainenteatteri.fi\/index.php\/wp-json\/wp\/v2\/media?parent=882"}],"curies":[{"name":"wp","href":"https:\/\/api.w.org\/{rel}","templated":true}]}}